{"id":506,"date":"2025-11-30T22:32:46","date_gmt":"2025-11-30T22:32:46","guid":{"rendered":"https:\/\/pruebaswp.medi-base.cl\/medical\/terms-of-use\/"},"modified":"2025-11-30T23:57:08","modified_gmt":"2025-11-30T23:57:08","slug":"terms-of-use","status":"publish","type":"page","link":"https:\/\/pruebaswp.medi-base.cl\/medical\/terms-of-use\/","title":{"rendered":"Terms of Use"},"content":{"rendered":"\t\t<div data-elementor-type=\"wp-page\" data-elementor-id=\"506\" class=\"elementor elementor-506\" data-elementor-post-type=\"page\">\n\t\t\t\t<div class=\"elementor-element elementor-element-3e697d9b e-flex e-con-boxed e-con e-parent\" data-id=\"3e697d9b\" data-element_type=\"container\">\n\t\t\t\t\t<div class=\"e-con-inner\">\n\t\t<div class=\"elementor-element elementor-element-73f91196 e-con-full e-flex e-con e-child\" data-id=\"73f91196\" data-element_type=\"container\" data-settings=\"{&quot;background_background&quot;:&quot;classic&quot;}\">\n\t\t\t\t<div class=\"elementor-element elementor-element-2b8a647c elementor-view-stacked elementor-position-left elementor-shape-circle elementor-mobile-position-top elementor-widget elementor-widget-icon-box\" data-id=\"2b8a647c\" data-element_type=\"widget\" data-widget_type=\"icon-box.default\">\n\t\t\t\t\t\t\t<div class=\"elementor-icon-box-wrapper\">\n\n\t\t\t\t\t\t<div class=\"elementor-icon-box-icon\">\n\t\t\t\t<span  class=\"elementor-icon\">\n\t\t\t\t<svg aria-hidden=\"true\" class=\"e-font-icon-svg e-fas-circle\" viewBox=\"0 0 512 512\" xmlns=\"http:\/\/www.w3.org\/2000\/svg\"><path d=\"M256 8C119 8 8 119 8 256s111 248 248 248 248-111 248-248S393 8 256 8z\"><\/path><\/svg>\t\t\t\t<\/span>\n\t\t\t<\/div>\n\t\t\t\n\t\t\t\t\t\t<div class=\"elementor-icon-box-content\">\n\n\t\t\t\t\t\t\t\t\t<h3 class=\"elementor-icon-box-title\">\n\t\t\t\t\t\t<span  >\n\t\t\t\t\t\t\tTerminos de Uso\t\t\t\t\t\t<\/span>\n\t\t\t\t\t<\/h3>\n\t\t\t\t\n\t\t\t\t\n\t\t\t<\/div>\n\t\t\t\n\t\t<\/div>\n\t\t\t\t\t\t<\/div>\n\t\t\t\t<div class=\"elementor-element elementor-element-2c0f96e2 elementor-widget__width-initial elementor-widget elementor-widget-text-editor\" data-id=\"2c0f96e2\" data-element_type=\"widget\" data-widget_type=\"text-editor.default\">\n\t\t\t\t\t\t\t\t\t<p data-start=\"576\" data-end=\"595\"><strong data-start=\"576\" data-end=\"595\">1. Introducci\u00f3n<\/strong><\/p><p data-start=\"597\" data-end=\"829\">Bienvenido a [Nombre de la Plataforma]. Al acceder y utilizar este sitio web, aceptas estar sujeto a los siguientes T\u00e9rminos y Condiciones de uso. Si no est\u00e1s de acuerdo con estos t\u00e9rminos, por favor, no utilices nuestros servicios.<\/p><p data-start=\"831\" data-end=\"866\"><strong data-start=\"831\" data-end=\"866\">2. Descripci\u00f3n de los Servicios<\/strong><\/p><p data-start=\"868\" data-end=\"1155\">[Nombre de la Plataforma] es una plataforma digital que facilita la reserva de citas m\u00e9dicas entre pacientes y profesionales de la salud. La plataforma act\u00faa \u00fanicamente como un intermediario entre ambas partes y no es responsable de los servicios m\u00e9dicos prestados por los profesionales.<\/p><p data-start=\"1157\" data-end=\"1186\"><strong data-start=\"1157\" data-end=\"1186\">3. Requisitos del Usuario<\/strong><\/p><p data-start=\"1188\" data-end=\"1437\">Al utilizar nuestros servicios, el usuario se compromete a proporcionar informaci\u00f3n ver\u00eddica, completa y actualizada, incluyendo pero no limitado a nombre, apellido, tel\u00e9fono y correo electr\u00f3nico, con el fin de gestionar la reserva de citas m\u00e9dicas.<\/p><p data-start=\"1439\" data-end=\"1470\"><strong data-start=\"1439\" data-end=\"1470\">4. Reserva de Citas M\u00e9dicas<\/strong><\/p><ul data-start=\"1472\" data-end=\"1827\"><li data-start=\"1472\" data-end=\"1632\"><p data-start=\"1474\" data-end=\"1632\">El usuario puede realizar reservas a trav\u00e9s de la plataforma, donde se le informar\u00e1 sobre la disponibilidad de los profesionales y la confirmaci\u00f3n de la cita.<\/p><\/li><li data-start=\"1633\" data-end=\"1729\"><p data-start=\"1635\" data-end=\"1729\">El profesional es responsable de la emisi\u00f3n de la boleta correspondiente al pago del servicio.<\/p><\/li><li data-start=\"1730\" data-end=\"1827\"><p data-start=\"1732\" data-end=\"1827\">El usuario es responsable de presentarse en la cita m\u00e9dica seg\u00fan lo pactado con el profesional.<\/p><\/li><\/ul><p data-start=\"1829\" data-end=\"1856\"><strong data-start=\"1829\" data-end=\"1856\">5. Cancelaci\u00f3n de Citas<\/strong><\/p><p data-start=\"1858\" data-end=\"2091\">El usuario puede cancelar o modificar su cita dentro de un plazo determinado (por ejemplo, 24 horas antes de la cita) sin cargo adicional. Despu\u00e9s de ese plazo, se puede aplicar una tarifa de cancelaci\u00f3n a discreci\u00f3n del profesional.<\/p><p data-start=\"2093\" data-end=\"2118\"><strong data-start=\"2093\" data-end=\"2118\">6. Pago y Facturaci\u00f3n<\/strong><\/p><ul data-start=\"2120\" data-end=\"2365\"><li data-start=\"2120\" data-end=\"2222\"><p data-start=\"2122\" data-end=\"2222\">Los pagos por los servicios m\u00e9dicos son gestionados directamente entre el paciente y el profesional.<\/p><\/li><li data-start=\"2223\" data-end=\"2365\"><p data-start=\"2225\" data-end=\"2365\">[Nombre de la Plataforma] no se encarga de la facturaci\u00f3n ni del cobro de los servicios, y no toma ninguna comisi\u00f3n de los pagos realizados.<\/p><\/li><\/ul><p data-start=\"2367\" data-end=\"2403\"><strong data-start=\"2367\" data-end=\"2403\">7. Limitaci\u00f3n de Responsabilidad<\/strong><\/p><p data-start=\"2405\" data-end=\"2687\">[Nombre de la Plataforma] no asume responsabilidad alguna por la calidad o la naturaleza de los servicios m\u00e9dicos prestados. La plataforma act\u00faa \u00fanicamente como un intermediario y no se hace responsable de cualquier evento relacionado con la atenci\u00f3n m\u00e9dica, incluyendo mala praxis.<\/p><p data-start=\"2689\" data-end=\"2717\"><strong data-start=\"2689\" data-end=\"2717\">8. Propiedad Intelectual<\/strong><\/p><p data-start=\"2719\" data-end=\"2920\">Todo el contenido de este sitio web (incluyendo textos, im\u00e1genes, logos, y cualquier material gr\u00e1fico) es propiedad de [Nombre de la Plataforma] y est\u00e1 protegido por las leyes de propiedad intelectual.<\/p><p data-start=\"2922\" data-end=\"2943\"><strong data-start=\"2922\" data-end=\"2943\">9. Modificaciones<\/strong><\/p><p data-start=\"2945\" data-end=\"3192\">[Nombre de la Plataforma] se reserva el derecho de modificar estos T\u00e9rminos y Condiciones en cualquier momento. Cualquier cambio ser\u00e1 notificado a trav\u00e9s del sitio web, y el uso continuado de la plataforma constituir\u00e1 aceptaci\u00f3n de dichos cambios.<\/p><p data-start=\"3194\" data-end=\"3215\"><strong data-start=\"3194\" data-end=\"3215\">10. Ley Aplicable<\/strong><\/p><p data-start=\"3217\" data-end=\"3354\">Estos T\u00e9rminos y Condiciones se rigen por las leyes de la Rep\u00fablica de Chile. Cualquier disputa ser\u00e1 resuelta en los tribunales de Chile.<\/p>\t\t\t\t\t\t\t\t<\/div>\n\t\t\t\t<div class=\"elementor-element elementor-element-199a546b elementor-absolute elementor-widget elementor-widget-menu-anchor\" data-id=\"199a546b\" data-element_type=\"widget\" data-settings=\"{&quot;_position&quot;:&quot;absolute&quot;}\" data-widget_type=\"menu-anchor.default\">\n\t\t\t\t\t\t\t<div class=\"elementor-menu-anchor\" id=\"privacy\"><\/div>\n\t\t\t\t\t\t<\/div>\n\t\t\t\t<\/div>\n\t\t\t\t\t<\/div>\n\t\t\t\t<\/div>\n\t\t<div class=\"elementor-element elementor-element-36c0d1f4 e-flex e-con-boxed e-con e-parent\" data-id=\"36c0d1f4\" data-element_type=\"container\">\n\t\t\t\t\t<div class=\"e-con-inner\">\n\t\t<div class=\"elementor-element elementor-element-1a84af62 e-con-full e-flex e-con e-child\" data-id=\"1a84af62\" data-element_type=\"container\" data-settings=\"{&quot;background_background&quot;:&quot;classic&quot;}\">\n\t\t\t\t<div class=\"elementor-element elementor-element-2c1e6cb5 elementor-view-stacked elementor-position-left elementor-shape-circle elementor-mobile-position-top elementor-widget elementor-widget-icon-box\" data-id=\"2c1e6cb5\" data-element_type=\"widget\" data-widget_type=\"icon-box.default\">\n\t\t\t\t\t\t\t<div class=\"elementor-icon-box-wrapper\">\n\n\t\t\t\t\t\t<div class=\"elementor-icon-box-icon\">\n\t\t\t\t<span  class=\"elementor-icon\">\n\t\t\t\t<svg aria-hidden=\"true\" class=\"e-font-icon-svg e-fas-circle\" viewBox=\"0 0 512 512\" xmlns=\"http:\/\/www.w3.org\/2000\/svg\"><path d=\"M256 8C119 8 8 119 8 256s111 248 248 248 248-111 248-248S393 8 256 8z\"><\/path><\/svg>\t\t\t\t<\/span>\n\t\t\t<\/div>\n\t\t\t\n\t\t\t\t\t\t<div class=\"elementor-icon-box-content\">\n\n\t\t\t\t\t\t\t\t\t<h3 class=\"elementor-icon-box-title\">\n\t\t\t\t\t\t<span  >\n\t\t\t\t\t\t\tPolitica de Privacidad\t\t\t\t\t\t<\/span>\n\t\t\t\t\t<\/h3>\n\t\t\t\t\n\t\t\t\t\n\t\t\t<\/div>\n\t\t\t\n\t\t<\/div>\n\t\t\t\t\t\t<\/div>\n\t\t\t\t<div class=\"elementor-element elementor-element-77d478e5 elementor-widget elementor-widget-text-editor\" data-id=\"77d478e5\" data-element_type=\"widget\" data-widget_type=\"text-editor.default\">\n\t\t\t\t\t\t\t\t\t<p data-start=\"3393\" data-end=\"3412\"><strong data-start=\"3393\" data-end=\"3412\">1. Introducci\u00f3n<\/strong><\/p><p data-start=\"3414\" data-end=\"3642\">En [Nombre de la Plataforma] nos comprometemos a proteger tu privacidad. Esta Pol\u00edtica de Privacidad describe c\u00f3mo recopilamos, utilizamos y protegemos la informaci\u00f3n personal que nos proporcionas al utilizar nuestros servicios.<\/p><p data-start=\"3644\" data-end=\"3678\"><strong data-start=\"3644\" data-end=\"3678\">2. Informaci\u00f3n que Recopilamos<\/strong><\/p><p data-start=\"3680\" data-end=\"3767\">Recopilamos los siguientes datos personales cuando los usuarios utilizan la plataforma:<\/p><ul data-start=\"3768\" data-end=\"3817\"><li data-start=\"3768\" data-end=\"3785\"><p data-start=\"3770\" data-end=\"3785\">Nombre completo<\/p><\/li><li data-start=\"3786\" data-end=\"3796\"><p data-start=\"3788\" data-end=\"3796\">Tel\u00e9fono<\/p><\/li><li data-start=\"3797\" data-end=\"3817\"><p data-start=\"3799\" data-end=\"3817\">Correo electr\u00f3nico<\/p><\/li><\/ul><p data-start=\"3819\" data-end=\"3847\"><strong data-start=\"3819\" data-end=\"3847\">3. Uso de la Informaci\u00f3n<\/strong><\/p><p data-start=\"3849\" data-end=\"3914\">Los datos personales recopilados se utilizan exclusivamente para:<\/p><ul data-start=\"3915\" data-end=\"4100\"><li data-start=\"3915\" data-end=\"3954\"><p data-start=\"3917\" data-end=\"3954\">Gestionar la reserva de citas m\u00e9dicas<\/p><\/li><li data-start=\"3955\" data-end=\"4045\"><p data-start=\"3957\" data-end=\"4045\">Enviar confirmaciones, recordatorios y notificaciones relacionadas con las citas m\u00e9dicas<\/p><\/li><li data-start=\"4046\" data-end=\"4100\"><p data-start=\"4048\" data-end=\"4100\">Comunicarnos con el usuario en caso de ser necesario<\/p><\/li><\/ul><p data-start=\"4102\" data-end=\"4131\"><strong data-start=\"4102\" data-end=\"4131\">4. Seguridad de los Datos<\/strong><\/p><p data-start=\"4133\" data-end=\"4363\">Implementamos medidas de seguridad razonables para proteger la informaci\u00f3n personal que recopilamos. Sin embargo, ten en cuenta que ning\u00fan sistema es completamente seguro y no podemos garantizar la seguridad absoluta de tus datos.<\/p><p data-start=\"4365\" data-end=\"4396\"><strong data-start=\"4365\" data-end=\"4396\">5. Derechos de los Usuarios<\/strong><\/p><p data-start=\"4398\" data-end=\"4671\">De acuerdo con la legislaci\u00f3n vigente, los usuarios tienen derecho a acceder, rectificar, cancelar o oponerse al tratamiento de sus datos personales. Si deseas ejercer alguno de estos derechos, por favor contacta a nuestro equipo de soporte a trav\u00e9s de [email de contacto].<\/p><p data-start=\"4673\" data-end=\"4694\"><strong data-start=\"4673\" data-end=\"4694\">6. Uso de Cookies<\/strong><\/p><p data-start=\"4696\" data-end=\"4894\">Este sitio web utiliza cookies para mejorar la experiencia del usuario. Las cookies son peque\u00f1os archivos que se almacenan en tu dispositivo para recopilar informaci\u00f3n sobre el uso de la plataforma.<\/p><p data-start=\"4896\" data-end=\"4937\"><strong data-start=\"4896\" data-end=\"4937\">7. Compartir Informaci\u00f3n con Terceros<\/strong><\/p><p data-start=\"4939\" data-end=\"5021\">No compartimos tus datos personales con terceros, excepto en los siguientes casos:<\/p><ul data-start=\"5022\" data-end=\"5252\"><li data-start=\"5022\" data-end=\"5086\"><p data-start=\"5024\" data-end=\"5086\">Si es necesario para cumplir con la ley o con procesos legales<\/p><\/li><li data-start=\"5087\" data-end=\"5252\"><p data-start=\"5089\" data-end=\"5252\">Si se utiliza un servicio de terceros para el almacenamiento o procesamiento de datos, garantizando que dicho servicio cumpla con las leyes de protecci\u00f3n de datos.<\/p><\/li><\/ul><p data-start=\"5254\" data-end=\"5303\"><strong data-start=\"5254\" data-end=\"5303\">8. Modificaciones a la Pol\u00edtica de Privacidad<\/strong><\/p><p data-start=\"5305\" data-end=\"5477\">[Nombre de la Plataforma] se reserva el derecho de modificar esta Pol\u00edtica de Privacidad. Cualquier cambio ser\u00e1 publicado en esta p\u00e1gina y se notificar\u00e1 de manera adecuada.<\/p><p data-start=\"5479\" data-end=\"5499\"><strong data-start=\"5479\" data-end=\"5499\">9. Ley Aplicable<\/strong><\/p><p data-start=\"5501\" data-end=\"5576\">Esta Pol\u00edtica de Privacidad se rige por las leyes de la Rep\u00fablica de Chile.<\/p>\t\t\t\t\t\t\t\t<\/div>\n\t\t\t\t<\/div>\n\t\t\t\t\t<\/div>\n\t\t\t\t<\/div>\n\t\t<div class=\"elementor-element elementor-element-2afbbe1 e-flex e-con-boxed e-con e-parent\" data-id=\"2afbbe1\" data-element_type=\"container\">\n\t\t\t\t\t<div class=\"e-con-inner\">\n\t\t<div class=\"elementor-element elementor-element-c09b7ea e-con-full e-flex e-con e-child\" data-id=\"c09b7ea\" data-element_type=\"container\" data-settings=\"{&quot;background_background&quot;:&quot;classic&quot;}\">\n\t\t\t\t<div class=\"elementor-element elementor-element-e19df81 elementor-view-stacked elementor-position-left elementor-shape-circle elementor-mobile-position-top elementor-widget elementor-widget-icon-box\" data-id=\"e19df81\" data-element_type=\"widget\" data-widget_type=\"icon-box.default\">\n\t\t\t\t\t\t\t<div class=\"elementor-icon-box-wrapper\">\n\n\t\t\t\t\t\t<div class=\"elementor-icon-box-icon\">\n\t\t\t\t<span  class=\"elementor-icon\">\n\t\t\t\t<svg aria-hidden=\"true\" class=\"e-font-icon-svg e-fas-cookie-bite\" viewBox=\"0 0 512 512\" xmlns=\"http:\/\/www.w3.org\/2000\/svg\"><path d=\"M510.52 255.82c-69.97-.85-126.47-57.69-126.47-127.86-70.17 0-127-56.49-127.86-126.45-27.26-4.14-55.13.3-79.72 12.82l-69.13 35.22a132.221 132.221 0 0 0-57.79 57.81l-35.1 68.88a132.645 132.645 0 0 0-12.82 80.95l12.08 76.27a132.521 132.521 0 0 0 37.16 72.96l54.77 54.76a132.036 132.036 0 0 0 72.71 37.06l76.71 12.15c27.51 4.36 55.7-.11 80.53-12.76l69.13-35.21a132.273 132.273 0 0 0 57.79-57.81l35.1-68.88c12.56-24.64 17.01-52.58 12.91-79.91zM176 368c-17.67 0-32-14.33-32-32s14.33-32 32-32 32 14.33 32 32-14.33 32-32 32zm32-160c-17.67 0-32-14.33-32-32s14.33-32 32-32 32 14.33 32 32-14.33 32-32 32zm160 128c-17.67 0-32-14.33-32-32s14.33-32 32-32 32 14.33 32 32-14.33 32-32 32z\"><\/path><\/svg>\t\t\t\t<\/span>\n\t\t\t<\/div>\n\t\t\t\n\t\t\t\t\t\t<div class=\"elementor-icon-box-content\">\n\n\t\t\t\t\t\t\t\t\t<h3 class=\"elementor-icon-box-title\">\n\t\t\t\t\t\t<span  >\n\t\t\t\t\t\t\tPolitica de Cookies\t\t\t\t\t\t<\/span>\n\t\t\t\t\t<\/h3>\n\t\t\t\t\n\t\t\t\t\n\t\t\t<\/div>\n\t\t\t\n\t\t<\/div>\n\t\t\t\t\t\t<\/div>\n\t\t\t\t<div class=\"elementor-element elementor-element-403ddcc elementor-widget elementor-widget-text-editor\" data-id=\"403ddcc\" data-element_type=\"widget\" data-widget_type=\"text-editor.default\">\n\t\t\t\t\t\t\t\t\t<p data-start=\"5612\" data-end=\"5631\"><strong data-start=\"5612\" data-end=\"5631\">1. Introducci\u00f3n<\/strong><\/p><p data-start=\"5633\" data-end=\"5799\">Esta pol\u00edtica describe el uso de cookies en el sitio web de [Nombre de la Plataforma]. Al utilizar este sitio web, aceptas el uso de cookies conforme a esta pol\u00edtica.<\/p><p data-start=\"5801\" data-end=\"5829\"><strong data-start=\"5801\" data-end=\"5829\">2. \u00bfQu\u00e9 son las cookies?<\/strong><\/p><p data-start=\"5831\" data-end=\"6119\">Las cookies son peque\u00f1os archivos que se almacenan en tu dispositivo (computadora, tel\u00e9fono m\u00f3vil, etc.) cuando visitas un sitio web. Las cookies permiten que el sitio web recuerde tus acciones y preferencias, como el idioma o la configuraci\u00f3n de la cuenta, durante un tiempo determinado.<\/p><p data-start=\"6121\" data-end=\"6159\"><strong data-start=\"6121\" data-end=\"6159\">3. Tipos de Cookies que Utilizamos<\/strong><\/p><ul data-start=\"6161\" data-end=\"6654\"><li data-start=\"6161\" data-end=\"6271\"><p data-start=\"6163\" data-end=\"6271\"><strong data-start=\"6163\" data-end=\"6185\">Cookies necesarias<\/strong>: Son esenciales para el funcionamiento del sitio web y para que puedas navegar en \u00e9l.<\/p><\/li><li data-start=\"6272\" data-end=\"6457\"><p data-start=\"6274\" data-end=\"6457\"><strong data-start=\"6274\" data-end=\"6300\">Cookies de rendimiento<\/strong>: Recopilan informaci\u00f3n sobre c\u00f3mo los usuarios utilizan el sitio web (por ejemplo, las p\u00e1ginas que m\u00e1s se visitan), ayud\u00e1ndonos a mejorar su funcionamiento.<\/p><\/li><li data-start=\"6458\" data-end=\"6561\"><p data-start=\"6460\" data-end=\"6561\"><strong data-start=\"6460\" data-end=\"6483\">Cookies funcionales<\/strong>: Permiten recordar las opciones o configuraciones personalizadas del usuario.<\/p><\/li><li data-start=\"6562\" data-end=\"6654\"><p data-start=\"6564\" data-end=\"6654\"><strong data-start=\"6564\" data-end=\"6589\">Cookies de publicidad<\/strong>: Utilizadas para personalizar anuncios basados en tus intereses.<\/p><\/li><\/ul><p data-start=\"6656\" data-end=\"6689\"><strong data-start=\"6656\" data-end=\"6689\">4. C\u00f3mo Gestionar las Cookies<\/strong><\/p><p data-start=\"6691\" data-end=\"6988\">Puedes controlar el uso de cookies a trav\u00e9s de la configuraci\u00f3n de tu navegador. Si prefieres no permitir cookies, puedes ajustar la configuraci\u00f3n de tu navegador para bloquearlas. Ten en cuenta que algunas funcionalidades del sitio web pueden no funcionar correctamente si desactivas las cookies.<\/p><p data-start=\"6990\" data-end=\"7036\"><strong data-start=\"6990\" data-end=\"7036\">5. Modificaciones a la Pol\u00edtica de Cookies<\/strong><\/p><p data-start=\"7038\" data-end=\"7172\">Nos reservamos el derecho de actualizar esta Pol\u00edtica de Cookies en cualquier momento. Cualquier cambio ser\u00e1 publicado en esta p\u00e1gina.<\/p><p data-start=\"7174\" data-end=\"7189\"><strong data-start=\"7174\" data-end=\"7189\">6. Contacto<\/strong><\/p><p data-start=\"7191\" data-end=\"7304\">Si tienes alguna pregunta sobre nuestra Pol\u00edtica de Cookies, puedes contactarnos a trav\u00e9s de [email de contacto].<\/p>\t\t\t\t\t\t\t\t<\/div>\n\t\t\t\t<\/div>\n\t\t\t\t\t<\/div>\n\t\t\t\t<\/div>\n\t\t\t\t<\/div>\n\t\t","protected":false},"excerpt":{"rendered":"<p>Terminos de Uso 1. Introducci\u00f3n Bienvenido a [Nombre de la Plataforma]. Al acceder y utilizar este sitio web, aceptas estar sujeto a los siguientes T\u00e9rminos y Condiciones de uso. Si no est\u00e1s de acuerdo con estos t\u00e9rminos, por favor, no utilices nuestros servicios. 2. Descripci\u00f3n de los Servicios [Nombre de la Plataforma] es una plataforma [&hellip;]<\/p>\n","protected":false},"author":1,"featured_media":509,"parent":0,"menu_order":0,"comment_status":"closed","ping_status":"closed","template":"elementor_header_footer","meta":{"footnotes":""},"class_list":["post-506","page","type-page","status-publish","has-post-thumbnail","hentry"],"_links":{"self":[{"href":"https:\/\/pruebaswp.medi-base.cl\/medical\/wp-json\/wp\/v2\/pages\/506","targetHints":{"allow":["GET"]}}],"collection":[{"href":"https:\/\/pruebaswp.medi-base.cl\/medical\/wp-json\/wp\/v2\/pages"}],"about":[{"href":"https:\/\/pruebaswp.medi-base.cl\/medical\/wp-json\/wp\/v2\/types\/page"}],"author":[{"embeddable":true,"href":"https:\/\/pruebaswp.medi-base.cl\/medical\/wp-json\/wp\/v2\/users\/1"}],"replies":[{"embeddable":true,"href":"https:\/\/pruebaswp.medi-base.cl\/medical\/wp-json\/wp\/v2\/comments?post=506"}],"version-history":[{"count":7,"href":"https:\/\/pruebaswp.medi-base.cl\/medical\/wp-json\/wp\/v2\/pages\/506\/revisions"}],"predecessor-version":[{"id":619,"href":"https:\/\/pruebaswp.medi-base.cl\/medical\/wp-json\/wp\/v2\/pages\/506\/revisions\/619"}],"wp:featuredmedia":[{"embeddable":true,"href":"https:\/\/pruebaswp.medi-base.cl\/medical\/wp-json\/wp\/v2\/media\/509"}],"wp:attachment":[{"href":"https:\/\/pruebaswp.medi-base.cl\/medical\/wp-json\/wp\/v2\/media?parent=506"}],"curies":[{"name":"wp","href":"https:\/\/api.w.org\/{rel}","templated":true}]}}